{"id":17989,"date":"2022-03-07T17:25:38","date_gmt":"2022-03-07T17:25:38","guid":{"rendered":"https:\/\/www.weland.fi\/?page_id=17989"},"modified":"2022-10-27T06:50:50","modified_gmt":"2022-10-27T06:50:50","slug":"tyopaikat","status":"publish","type":"page","link":"https:\/\/www.weland.fi\/fi\/tyopaikat\/","title":{"rendered":"Ty\u00f6paikat"},"content":{"rendered":"\n<div class=\"wp-block-cover alignfull is-light has-custom-content-position is-position-bottom-left\"><span aria-hidden=\"true\" class=\"has-background-dim-0 wp-block-cover__gradient-background has-background-dim\"><\/span><img loading=\"lazy\" decoding=\"async\" width=\"2000\" height=\"800\" class=\"wp-block-cover__image-background wp-image-17991\" alt=\"\" src=\"https:\/\/www.weland.fi\/wp-content\/uploads\/2020\/10\/top_image-aw00008726-1.jpg\" data-object-fit=\"cover\" srcset=\"https:\/\/www.weland.fi\/wp-content\/uploads\/2020\/10\/top_image-aw00008726-1.jpg 2000w, https:\/\/www.weland.fi\/wp-content\/uploads\/2020\/10\/top_image-aw00008726-1-300x120.jpg 300w, https:\/\/www.weland.fi\/wp-content\/uploads\/2020\/10\/top_image-aw00008726-1-1024x410.jpg 1024w, https:\/\/www.weland.fi\/wp-content\/uploads\/2020\/10\/top_image-aw00008726-1-768x307.jpg 768w, https:\/\/www.weland.fi\/wp-content\/uploads\/2020\/10\/top_image-aw00008726-1-1536x614.jpg 1536w, https:\/\/www.weland.fi\/wp-content\/uploads\/2020\/10\/top_image-aw00008726-1-1568x627.jpg 1568w\" sizes=\"auto, (max-width: 2000px) 100vw, 2000px\" \/><div class=\"wp-block-cover__inner-container is-layout-flow wp-block-cover-is-layout-flow\">\n<div class=\"wp-block-group has-black-color has-grev-rgba-background-color has-text-color has-background\"><div class=\"wp-block-group__inner-container is-layout-flow wp-block-group-is-layout-flow\">\n<h1 class=\"wp-block-heading\">TY\u00d6PAIKAT<\/h1>\n\n\n\n<p>Weland AB on vakaa perheyritys, jonka tehdas ja p\u00e4\u00e4konttori sijaitsevat Ruotsissa, Sm\u00e5landsstenar nimisess\u00e4 kyl\u00e4ss\u00e4. Yhti\u00f6 on kierreportaiden, suorien portaiden, kaiteiden, py\u00f6r\u00e4tuoliluiskien, kulkusiltojen, ritil\u00f6iden ja v\u00e4litasojen johtava valmistaja ja toimittaja. Weland on my\u00f6s Ruotsin merkitt\u00e4vin toimija levynty\u00f6st\u00f6n alalla.<\/p>\n<\/div><\/div>\n<\/div><\/div>\n\n\n        <div class=\"container page-breadcrumb\">\n            <div class=\"row\">\n                <div class=\"col-sm-12\" style=\"padding-left: 0\">\n                    <nav aria-label=\"breadcrumb\">\n                        <ol class=\"breadcrumb\">\n                            <li class=\"breadcrumb-item\">\n                                <a href=\"https:\/\/www.weland.fi\/fi\/\">Koti<\/a>\n                            <\/li>\n                              \n                                                            <li class=\"breadcrumb-item CC active\" aria-current=\"page\">\n                                    Ty\u00f6paikat                                <\/li>\n                                                    <\/ol>\n                    <\/nav>\n                <\/div>\n            <\/div>\n        <\/div>\n\n        \n\n\n<div class=\"wp-block-group alignwide hide-on-desktop\"><div class=\"wp-block-group__inner-container is-layout-flow wp-block-group-is-layout-flow\">\n<h2 class=\"has-black-color has-text-color wp-block-heading\">TY\u00d6PAIKAT<\/h2>\n\n\n\n<p class=\"has-black-color has-text-color\">Weland AB on vakaa perheyritys, jonka tehdas ja p\u00e4\u00e4konttori sijaitsevat Ruotsissa, Sm\u00e5landsstenar nimisess\u00e4 kyl\u00e4ss\u00e4. Yhti\u00f6 on kierreportaiden, suorien portaiden, kaiteiden, py\u00f6r\u00e4tuoliluiskien, kulkusiltojen, ritil\u00f6iden ja v\u00e4litasojen johtava valmistaja ja toimittaja. Weland on my\u00f6s Ruotsin merkitt\u00e4vin toimija levynty\u00f6st\u00f6n alalla.<\/p>\n\n\n\n<hr class=\"wp-block-separator is-style-wide\"\/>\n<\/div><\/div>\n\n\n\n<div class=\"wp-block-columns alignwide is-layout-flex wp-container-core-columns-is-layout-9d6595d7 wp-block-columns-is-layout-flex\">\n<div class=\"wp-block-column is-layout-flow wp-block-column-is-layout-flow\" style=\"flex-basis:66.66%\">\n<h2 class=\"wp-block-heading\">T\u00e4ll\u00e4 hetkell\u00e4 ei avoimia paikkoja<\/h2>\n<\/div>\n\n\n\n<div class=\"wp-block-column is-layout-flow wp-block-column-is-layout-flow\" style=\"flex-basis:33.33%\">\n<figure class=\"wp-block-image size-full\"><img loading=\"lazy\" decoding=\"async\" width=\"600\" height=\"445\" src=\"https:\/\/www.weland.fi\/wp-content\/uploads\/2022\/03\/weland-oy-an00001015.jpg\" alt=\"\" class=\"wp-image-20759\" srcset=\"https:\/\/www.weland.fi\/wp-content\/uploads\/2022\/03\/weland-oy-an00001015.jpg 600w, https:\/\/www.weland.fi\/wp-content\/uploads\/2022\/03\/weland-oy-an00001015-300x223.jpg 300w, https:\/\/www.weland.fi\/wp-content\/uploads\/2022\/03\/weland-oy-an00001015-150x111.jpg 150w\" sizes=\"auto, (max-width: 600px) 100vw, 600px\" \/><\/figure>\n<\/div>\n<\/div>\n\n\n\n<div class=\"wp-block-columns alignwide is-layout-flex wp-container-core-columns-is-layout-9d6595d7 wp-block-columns-is-layout-flex\">\n<div class=\"wp-block-column is-layout-flow wp-block-column-is-layout-flow\" style=\"flex-basis:66.66%\">\n<p><\/p>\n<\/div>\n\n\n\n<div class=\"wp-block-column is-layout-flow wp-block-column-is-layout-flow\" style=\"flex-basis:33.33%\"><\/div>\n<\/div>\n","protected":false},"excerpt":{"rendered":"<p>TY\u00d6PAIKAT Weland AB on vakaa perheyritys, jonka tehdas ja p\u00e4\u00e4konttori sijaitsevat [&hellip;]<\/p>\n","protected":false},"author":7,"featured_media":0,"parent":0,"menu_order":0,"comment_status":"closed","ping_status":"closed","template":"","meta":{"_acf_changed":false,"footnotes":""},"class_list":["post-17989","page","type-page","status-publish","hentry"],"acf":[],"featured_image_src":null,"_links":{"self":[{"href":"https:\/\/www.weland.fi\/fi\/wp-json\/wp\/v2\/pages\/17989","targetHints":{"allow":["GET"]}}],"collection":[{"href":"https:\/\/www.weland.fi\/fi\/wp-json\/wp\/v2\/pages"}],"about":[{"href":"https:\/\/www.weland.fi\/fi\/wp-json\/wp\/v2\/types\/page"}],"author":[{"embeddable":true,"href":"https:\/\/www.weland.fi\/fi\/wp-json\/wp\/v2\/users\/7"}],"replies":[{"embeddable":true,"href":"https:\/\/www.weland.fi\/fi\/wp-json\/wp\/v2\/comments?post=17989"}],"version-history":[{"count":9,"href":"https:\/\/www.weland.fi\/fi\/wp-json\/wp\/v2\/pages\/17989\/revisions"}],"predecessor-version":[{"id":21663,"href":"https:\/\/www.weland.fi\/fi\/wp-json\/wp\/v2\/pages\/17989\/revisions\/21663"}],"wp:attachment":[{"href":"https:\/\/www.weland.fi\/fi\/wp-json\/wp\/v2\/media?parent=17989"}],"curies":[{"name":"wp","href":"https:\/\/api.w.org\/{rel}","templated":true}]}}