{"id":18076,"date":"2022-03-07T18:24:07","date_gmt":"2022-03-07T18:24:07","guid":{"rendered":"https:\/\/www.weland.fi\/?page_id=18076"},"modified":"2024-06-13T06:39:35","modified_gmt":"2024-06-13T06:39:35","slug":"uutiset","status":"publish","type":"page","link":"https:\/\/www.weland.fi\/fi\/uutiset\/","title":{"rendered":"Uutiset"},"content":{"rendered":"\n<div class=\"wp-block-cover alignfull has-custom-content-position is-position-bottom-left\"><span aria-hidden=\"true\" class=\"wp-block-cover__background has-background-dim-0 has-background-dim\"><\/span><img loading=\"lazy\" decoding=\"async\" width=\"2000\" height=\"800\" class=\"wp-block-cover__image-background wp-image-18077\" alt=\"\" src=\"https:\/\/www.weland.fi\/wp-content\/uploads\/2022\/03\/top_image-aw00010307.jpg\" data-object-fit=\"cover\" srcset=\"https:\/\/www.weland.fi\/wp-content\/uploads\/2022\/03\/top_image-aw00010307.jpg 2000w, https:\/\/www.weland.fi\/wp-content\/uploads\/2022\/03\/top_image-aw00010307-300x120.jpg 300w, https:\/\/www.weland.fi\/wp-content\/uploads\/2022\/03\/top_image-aw00010307-1024x410.jpg 1024w, https:\/\/www.weland.fi\/wp-content\/uploads\/2022\/03\/top_image-aw00010307-150x60.jpg 150w, https:\/\/www.weland.fi\/wp-content\/uploads\/2022\/03\/top_image-aw00010307-768x307.jpg 768w, https:\/\/www.weland.fi\/wp-content\/uploads\/2022\/03\/top_image-aw00010307-1536x614.jpg 1536w, https:\/\/www.weland.fi\/wp-content\/uploads\/2022\/03\/top_image-aw00010307-1568x627.jpg 1568w\" sizes=\"auto, (max-width: 2000px) 100vw, 2000px\" \/><div class=\"wp-block-cover__inner-container is-layout-flow wp-block-cover-is-layout-flow\">\n<div class=\"wp-block-group has-black-color has-grev-rgba-background-color has-text-color has-background\"><div class=\"wp-block-group__inner-container is-layout-flow wp-block-group-is-layout-flow\">\n<h1 class=\"wp-block-heading\">TERVETULOA MEID\u00c4N UUTISSIVULLE!<\/h1>\n\n\n\n<p>T\u00e4h\u00e4n sivustoon laitamme viimeisimm\u00e4t uutiset Welandista. Me p\u00e4ivit\u00e4mme sivustoa tuoteuutisilla sek\u00e4 tiedolla tulevista tapahtumistamme, joiden toivomme kiinnostavan sinua ja sinun yrityst\u00e4si.<\/p>\n<\/div><\/div>\n<\/div><\/div>\n\n\n        <div class=\"container page-breadcrumb\">\n            <div class=\"row\">\n                <div class=\"col-sm-12\" style=\"padding-left: 0\">\n                    <nav aria-label=\"breadcrumb\">\n                        <ol class=\"breadcrumb\">\n                            <li class=\"breadcrumb-item\">\n                                <a href=\"https:\/\/www.weland.fi\/fi\/\">Koti<\/a>\n                            <\/li>\n                              \n                                                            <li class=\"breadcrumb-item CC active\" aria-current=\"page\">\n                                    Uutiset                                <\/li>\n                                                    <\/ol>\n                    <\/nav>\n                <\/div>\n            <\/div>\n        <\/div>\n\n        \n\n\n<div class=\"wp-block-group alignwide hide-on-desktop\"><div class=\"wp-block-group__inner-container is-layout-flow wp-block-group-is-layout-flow\">\n<h1 class=\"wp-block-heading\">TERVETULOA MEID\u00c4N UUTISSIVULLE!<\/h1>\n\n\n\n<p>T\u00e4h\u00e4n sivustoon laitamme viimeisimm\u00e4t uutiset Welandista. Me p\u00e4ivit\u00e4mme sivustoa tuoteuutisilla sek\u00e4 tiedolla tulevista tapahtumistamme, joiden toivomme kiinnostavan sinua ja sinun yrityst\u00e4si.<\/p>\n\n\n\n<hr class=\"wp-block-separator has-css-opacity is-style-wide\"\/>\n<\/div><\/div>\n\n\n\n<div class=\"wp-block-group alignwide\"><div class=\"wp-block-group__inner-container is-layout-constrained wp-block-group-is-layout-constrained\">\n<div style=\"height:20px\" aria-hidden=\"true\" class=\"wp-block-spacer\"><\/div>\n\n\n\n<p>Uutissivujen avulla pysty ajan tasalla siit\u00e4 mit\u00e4 yrityksess\u00e4mme tapahtuu.\u00a0 Kerromme my\u00f6s mit\u00e4 asiakkaamme ajattelevat tuotteista sek\u00e4 mit\u00e4 asiakkaamme ajattelevat yhteisty\u00f6st\u00e4 meid\u00e4n kanssamme. Lis\u00e4ksi kerromme ty\u00f6ntekij\u00f6illemme, milt\u00e4 ty\u00f6p\u00e4iv\u00e4 voi n\u00e4ytt\u00e4\u00e4 eri puolella organisaatiota sek\u00e4 millaista on olla osa Welandia.<\/p>\n\n\n\n<div style=\"height:20px\" aria-hidden=\"true\" class=\"wp-block-spacer\"><\/div>\n<\/div><\/div>\n\n\n        <div class=\"row newsfeed alignwide\">\n            <div class=\"col-sm-12 mb-5\">\n                <div class=\"row\">\n                                            <div class=\"col-sm-6 news-block mb-4\">\n                            <div class=\"row no-gutters\">\n                                                                                                                                    <div class=\"col-lg-6 d-lg-none news-image\">\n\n                                                                            <img decoding=\"async\" src=\"https:\/\/www.weland.fi\/wp-content\/uploads\/2026\/03\/racken-0t8a1662-300x300-1.png\" class=\"img-fluid \">\n                                    <\/div>\n                                                                \n                                <div class=\"col-lg-6 d-none d-lg-block news-image\">\n                                                                    <img decoding=\"async\" src=\"https:\/\/www.weland.fi\/wp-content\/uploads\/2026\/03\/racken-0t8a1662-300x300-1.png\" class=\"img-fluid \">\n                                <\/div>\n                                <div class=\"col-lg-6 news-text bg-light d-flex\">\n                                    <div class=\"align-self-xl-center w-100\">\n                                        <p class=\"news-date\">2026-03-25<\/p>\n                                        <h3>Selke\u00e4sti ja turvallisesti Trioworldiss\u00e4<\/h3>\n                                        <p>Kun tuotantotilan v\u00e4litaso piti tehd\u00e4 turvalliseksi kaiteilla, valinta osui naapuri Welandiin.<\/p>\n                                        <a href=\"https:\/\/www.weland.fi\/fi\/selkeasti-ja-turvallisesti-trioworldissa\/\"\n                                           class=\"btn-weland-black float-right\">\n                                            Lue lis\u00e4\u00e4                                            <i class=\"fal fa-angle-right\"><\/i>\n                                        <\/a>\n                                    <\/div>\n                                <\/div>\n                            <\/div>\n                        <\/div>\n                                            <div class=\"col-sm-6 news-block mb-4\">\n                            <div class=\"row no-gutters\">\n                                                                                                                                    <div class=\"col-lg-6 d-lg-none news-image\">\n\n                                                                            <img decoding=\"async\" src=\"https:\/\/www.weland.fi\/wp-content\/uploads\/2026\/03\/73a3864-600x600-1-300x300.jpg\" class=\"img-fluid \">\n                                    <\/div>\n                                                                \n                                <div class=\"col-lg-6 d-none d-lg-block news-image\">\n                                                                    <img decoding=\"async\" src=\"https:\/\/www.weland.fi\/wp-content\/uploads\/2026\/03\/73a3864-600x600-1-300x300.jpg\" class=\"img-fluid \">\n                                <\/div>\n                                <div class=\"col-lg-6 news-text bg-light d-flex\">\n                                    <div class=\"align-self-xl-center w-100\">\n                                        <p class=\"news-date\"><\/p>\n                                        <h3>Hyvin suunniteltu sis\u00e4\u00e4nk\u00e4ynti<\/h3>\n                                        <p>Kun LWAB sai teht\u00e4v\u00e4kseen suunnitella ja toimittaa julkisivut, ikkunat, kattorakenteet sek\u00e4 huolto- ja kulkuv\u00e4yl\u00e4t Danderydin sairaalan osaprojektiin, kulkusiltojen toimittajaksi valittiin Weland.<\/p>\n                                        <a href=\"https:\/\/www.weland.fi\/fi\/hyvin-suunniteltu-sisaankaynti\/\"\n                                           class=\"btn-weland-black float-right\">\n                                            Lue lis\u00e4\u00e4                                            <i class=\"fal fa-angle-right\"><\/i>\n                                        <\/a>\n                                    <\/div>\n                                <\/div>\n                            <\/div>\n                        <\/div>\n                                            <div class=\"col-sm-6 news-block mb-4\">\n                            <div class=\"row no-gutters\">\n                                                                                                                                    <div class=\"col-lg-6 d-lg-none news-image\">\n\n                                                                            <img decoding=\"async\" src=\"https:\/\/www.weland.fi\/wp-content\/uploads\/2026\/03\/danderyd-600x600-aw00013277-300x300.jpg\" class=\"img-fluid \">\n                                    <\/div>\n                                                                \n                                <div class=\"col-lg-6 d-none d-lg-block news-image\">\n                                                                    <img decoding=\"async\" src=\"https:\/\/www.weland.fi\/wp-content\/uploads\/2026\/03\/danderyd-600x600-aw00013277-300x300.jpg\" class=\"img-fluid \">\n                                <\/div>\n                                <div class=\"col-lg-6 news-text bg-light d-flex\">\n                                    <div class=\"align-self-xl-center w-100\">\n                                        <p class=\"news-date\">2026-03-24<\/p>\n                                        <h3>50 metri\u00e4 kulkusiltaa Danderydin sairaalaan<\/h3>\n                                        <p>Kun LWAB sai teht\u00e4v\u00e4kseen suunnitella ja toimittaa julkisivut, ikkunat, kattorakenteet sek\u00e4 huolto- ja kulkuv\u00e4yl\u00e4t Danderydin sairaalan osaprojektiin, kulkusiltojen toimittajaksi valittiin Weland.<\/p>\n                                        <a href=\"https:\/\/www.weland.fi\/fi\/50-metria-kulkusiltaa-danderydin-sairaalaan\/\"\n                                           class=\"btn-weland-black float-right\">\n                                            Lue lis\u00e4\u00e4                                            <i class=\"fal fa-angle-right\"><\/i>\n                                        <\/a>\n                                    <\/div>\n                                <\/div>\n                            <\/div>\n                        <\/div>\n                                            <div class=\"col-sm-6 news-block mb-4\">\n                            <div class=\"row no-gutters\">\n                                                                                                                                    <div class=\"col-lg-6 d-lg-none news-image\">\n\n                                                                            <img decoding=\"async\" src=\"https:\/\/www.weland.fi\/wp-content\/uploads\/2026\/03\/vuT9whxpqta-300x300-1.png\" class=\"img-fluid \">\n                                    <\/div>\n                                                                \n                                <div class=\"col-lg-6 d-none d-lg-block news-image\">\n                                                                    <img decoding=\"async\" src=\"https:\/\/www.weland.fi\/wp-content\/uploads\/2026\/03\/vuT9whxpqta-300x300-1.png\" class=\"img-fluid \">\n                                <\/div>\n                                <div class=\"col-lg-6 news-text bg-light d-flex\">\n                                    <div class=\"align-self-xl-center w-100\">\n                                        <p class=\"news-date\">2026-03-23<\/p>\n                                        <h3>Historiallisen ikonin tulevaisuus<\/h3>\n                                        <p>Helsingin p\u00e4\u00e4rautatieasema on seissyt vakaasti paikallaan jo yli vuosisadan ajan. Kun tuli aika vastata tulevaisuuden vaatimuksiin, tuotteeksi valittiin yksi Weland Oy:n uusimmista porrasratkaisuista.<\/p>\n                                        <a href=\"https:\/\/www.weland.fi\/fi\/historiallisen-ikonin-tulevaisuus\/\"\n                                           class=\"btn-weland-black float-right\">\n                                            Lue lis\u00e4\u00e4                                            <i class=\"fal fa-angle-right\"><\/i>\n                                        <\/a>\n                                    <\/div>\n                                <\/div>\n                            <\/div>\n                        <\/div>\n                                            <div class=\"col-sm-6 news-block mb-4\">\n                            <div class=\"row no-gutters\">\n                                                                                                                                    <div class=\"col-lg-6 d-lg-none news-image\">\n\n                                                                            <img decoding=\"async\" src=\"https:\/\/www.weland.fi\/wp-content\/uploads\/2026\/01\/bf00001069-600x600jpg-300x300.jpg\" class=\"img-fluid \">\n                                    <\/div>\n                                                                \n                                <div class=\"col-lg-6 d-none d-lg-block news-image\">\n                                                                    <img decoding=\"async\" src=\"https:\/\/www.weland.fi\/wp-content\/uploads\/2026\/01\/bf00001069-600x600jpg-300x300.jpg\" class=\"img-fluid \">\n                                <\/div>\n                                <div class=\"col-lg-6 news-text bg-light d-flex\">\n                                    <div class=\"align-self-xl-center w-100\">\n                                        <p class=\"news-date\">2026-01-13<\/p>\n                                        <h3>Kuumasinkitty ter\u00e4s \u2013 keskeinen tekij\u00e4 rakentamisen kiertotaloudessa<\/h3>\n                                        <p>Kun rakennusalalla on edess\u00e4\u00e4n kaikkien aikojen suurin, ilmastomuutoksen tuoma haaste, on materiaalivalinnoilla suuri merkitys. Yksi kiinnostavimmista rakennusmateriaaleista kiertotaloudessa on kuumasinkitty ter\u00e4s. <\/p>\n                                        <a href=\"https:\/\/www.weland.fi\/fi\/kuumasinkitty-teras-keskeinen-tekija-rakentamisen-kiertotaloudessa\/\"\n                                           class=\"btn-weland-black float-right\">\n                                            Lue lis\u00e4\u00e4                                            <i class=\"fal fa-angle-right\"><\/i>\n                                        <\/a>\n                                    <\/div>\n                                <\/div>\n                            <\/div>\n                        <\/div>\n                                            <div class=\"col-sm-6 news-block mb-4\">\n                            <div class=\"row no-gutters\">\n                                                                                                                                    <div class=\"col-lg-6 d-lg-none news-image\">\n\n                                                                            <img decoding=\"async\" src=\"https:\/\/www.weland.fi\/wp-content\/uploads\/2025\/11\/kronprinsen-2000x800-0T8a8311-300x300.jpg\" class=\"img-fluid \">\n                                    <\/div>\n                                                                \n                                <div class=\"col-lg-6 d-none d-lg-block news-image\">\n                                                                    <img decoding=\"async\" src=\"https:\/\/www.weland.fi\/wp-content\/uploads\/2025\/11\/kronprinsen-2000x800-0T8a8311-300x300.jpg\" class=\"img-fluid \">\n                                <\/div>\n                                <div class=\"col-lg-6 news-text bg-light d-flex\">\n                                    <div class=\"align-self-xl-center w-100\">\n                                        <p class=\"news-date\">2025-11-11<\/p>\n                                        <h3>90 metri\u00e4 py\u00f6r\u00e4tuoliluiskaa Kronprinsen-l\u00e4\u00e4k\u00e4rikeskuksen sis\u00e4pihalle<\/h3>\n                                        <p>Kronprinsenin pilvenpiirt\u00e4j\u00e4n korotettu sis\u00e4piha ulottuu osittain korttelin yli ja on t\u00e4ysin esteet\u00f6n \u2013 Welandin noin 90 metrin pituisella invalidirampillilla.<\/p>\n                                        <a href=\"https:\/\/www.weland.fi\/fi\/90-metria-pyoratuoliluiskaa-kronprinsen-laakarikeskuksen-sisapihalle\/\"\n                                           class=\"btn-weland-black float-right\">\n                                            Lue lis\u00e4\u00e4                                            <i class=\"fal fa-angle-right\"><\/i>\n                                        <\/a>\n                                    <\/div>\n                                <\/div>\n                            <\/div>\n                        <\/div>\n                                    <\/div>\n            <\/div>\n                                                                <ul class='page-numbers'>\n\t<li><span aria-current=\"page\" class=\"page-numbers current\">1<\/span><\/li>\n\t<li><a class=\"page-numbers\" href=\"https:\/\/www.weland.fi\/fi\/wp-json\/wp\/v2\/pages\/18076\/page\/2\/\">2<\/a><\/li>\n\t<li><a class=\"page-numbers\" href=\"https:\/\/www.weland.fi\/fi\/wp-json\/wp\/v2\/pages\/18076\/page\/3\/\">3<\/a><\/li>\n\t<li><a class=\"page-numbers\" href=\"https:\/\/www.weland.fi\/fi\/wp-json\/wp\/v2\/pages\/18076\/page\/4\/\">4<\/a><\/li>\n\t<li><a class=\"next page-numbers\" href=\"https:\/\/www.weland.fi\/fi\/wp-json\/wp\/v2\/pages\/18076\/page\/2\/\">N\u00e4sta<\/a><\/li>\n<\/ul>\n        \n        <\/div>\n        ","protected":false},"excerpt":{"rendered":"<p>TERVETULOA MEID\u00c4N UUTISSIVULLE! T\u00e4h\u00e4n sivustoon laitamme viimeisimm\u00e4t uutiset Welandista. Me p\u00e4ivit\u00e4mme [&hellip;]<\/p>\n","protected":false},"author":7,"featured_media":0,"parent":0,"menu_order":0,"comment_status":"closed","ping_status":"closed","template":"","meta":{"_acf_changed":false,"footnotes":""},"class_list":["post-18076","page","type-page","status-publish","hentry"],"acf":[],"featured_image_src":null,"_links":{"self":[{"href":"https:\/\/www.weland.fi\/fi\/wp-json\/wp\/v2\/pages\/18076","targetHints":{"allow":["GET"]}}],"collection":[{"href":"https:\/\/www.weland.fi\/fi\/wp-json\/wp\/v2\/pages"}],"about":[{"href":"https:\/\/www.weland.fi\/fi\/wp-json\/wp\/v2\/types\/page"}],"author":[{"embeddable":true,"href":"https:\/\/www.weland.fi\/fi\/wp-json\/wp\/v2\/users\/7"}],"replies":[{"embeddable":true,"href":"https:\/\/www.weland.fi\/fi\/wp-json\/wp\/v2\/comments?post=18076"}],"version-history":[{"count":3,"href":"https:\/\/www.weland.fi\/fi\/wp-json\/wp\/v2\/pages\/18076\/revisions"}],"predecessor-version":[{"id":23402,"href":"https:\/\/www.weland.fi\/fi\/wp-json\/wp\/v2\/pages\/18076\/revisions\/23402"}],"wp:attachment":[{"href":"https:\/\/www.weland.fi\/fi\/wp-json\/wp\/v2\/media?parent=18076"}],"curies":[{"name":"wp","href":"https:\/\/api.w.org\/{rel}","templated":true}]}}