{"id":18801,"date":"2022-03-07T20:58:15","date_gmt":"2022-03-07T20:58:15","guid":{"rendered":"https:\/\/www.weland.fi\/?page_id=18801"},"modified":"2023-11-28T12:31:06","modified_gmt":"2023-11-28T12:31:06","slug":"laatu-ja-ymparisto","status":"publish","type":"page","link":"https:\/\/www.weland.fi\/fi\/yritys\/laatu-ja-ymparisto\/","title":{"rendered":"Laatu ja ymp\u00e4rist\u00f6"},"content":{"rendered":"\n<div class=\"wp-block-cover alignfull is-light has-custom-content-position is-position-bottom-left\"><span aria-hidden=\"true\" class=\"wp-block-cover__background has-background-dim-0 has-background-dim\"><\/span><img loading=\"lazy\" decoding=\"async\" width=\"2000\" height=\"800\" class=\"wp-block-cover__image-background wp-image-4708\" alt=\"\" src=\"http:\/\/weland.com\/wp-content\/uploads\/2020\/10\/top_image-73a0466.jpg\" data-object-fit=\"cover\" srcset=\"https:\/\/www.weland.fi\/wp-content\/uploads\/2020\/10\/top_image-73a0466.jpg 2000w, https:\/\/www.weland.fi\/wp-content\/uploads\/2020\/10\/top_image-73a0466-300x120.jpg 300w, https:\/\/www.weland.fi\/wp-content\/uploads\/2020\/10\/top_image-73a0466-1024x410.jpg 1024w, https:\/\/www.weland.fi\/wp-content\/uploads\/2020\/10\/top_image-73a0466-768x307.jpg 768w, https:\/\/www.weland.fi\/wp-content\/uploads\/2020\/10\/top_image-73a0466-1536x614.jpg 1536w, https:\/\/www.weland.fi\/wp-content\/uploads\/2020\/10\/top_image-73a0466-1568x627.jpg 1568w\" sizes=\"auto, (max-width: 2000px) 100vw, 2000px\" \/><div class=\"wp-block-cover__inner-container is-layout-flow wp-block-cover-is-layout-flow\">\n<div class=\"wp-block-group has-grev-rgba-background-color has-background\"><div class=\"wp-block-group__inner-container is-layout-flow wp-block-group-is-layout-flow\">\n<h2 class=\"wp-block-heading has-black-color has-text-color\">KEST\u00c4V\u00c4 KEHITYS, LAATU JA YMP\u00c4RIST\u00d6<\/h2>\n\n\n\n<p class=\"has-black-color has-text-color\">Laatu, kokemus, osaaminen ja ymp\u00e4rist\u00f6tietoisuus ovat vahvistaneet toimintaamme ja edesauttaneet menestymist\u00e4mme. Kest\u00e4v\u00e4n kehityksen vahvan painottamisen ja oman rationaalisen valmistuksen ansiosta asiakkaat voivat pit\u00e4\u00e4 meit\u00e4 ymp\u00e4rist\u00f6yst\u00e4v\u00e4llisen\u00e4 pitk\u00e4aikaistoimittajana.<\/p>\n<\/div><\/div>\n<\/div><\/div>\n\n\n        <div class=\"container page-breadcrumb\">\n            <div class=\"row\">\n                <div class=\"col-sm-12\" style=\"padding-left: 0\">\n                    <nav aria-label=\"breadcrumb\">\n                        <ol class=\"breadcrumb\">\n                            <li class=\"breadcrumb-item\">\n                                <a href=\"https:\/\/www.weland.fi\/fi\/\">Koti<\/a>\n                            <\/li>\n                              \n                                                            <li class=\"breadcrumb-item AA\">\n                                    <a href=\"https:\/\/www.weland.fi\/fi\/yritys\/\">\n                                        Yritys                                    <\/a>\n                                <\/li>\n                                <li class=\"breadcrumb-item active\" aria-current=\"page\">\n                                    Laatu ja ymp\u00e4rist\u00f6                                <\/li>\n                                                    <\/ol>\n                    <\/nav>\n                <\/div>\n            <\/div>\n        <\/div>\n\n        \n\n\n<div class=\"wp-block-group alignwide hide-on-desktop\"><div class=\"wp-block-group__inner-container is-layout-flow wp-block-group-is-layout-flow\">\n<h1 class=\"wp-block-heading\">KEST\u00c4V\u00c4 KEHITYS, LAATU JA YMP\u00c4RIST\u00d6<\/h1>\n\n\n\n<p>Laatu, kokemus, osaaminen ja ymp\u00e4rist\u00f6tietoisuus ovat vahvistaneet toimintaamme ja edesauttaneet menestymist\u00e4mme. Kest\u00e4v\u00e4n kehityksen vahvan painottamisen ja oman rationaalisen valmistuksen ansiosta asiakkaat voivat pit\u00e4\u00e4 meit\u00e4 ymp\u00e4rist\u00f6yst\u00e4v\u00e4llisen\u00e4 pitk\u00e4aikaistoimittajana.<\/p>\n\n\n\n<hr class=\"wp-block-separator has-css-opacity is-style-wide\"\/>\n<\/div><\/div>\n\n\n\n<div class=\"wp-block-columns alignwide is-layout-flex wp-container-core-columns-is-layout-9d6595d7 wp-block-columns-is-layout-flex\">\n<div class=\"wp-block-column is-layout-flow wp-block-column-is-layout-flow\" style=\"flex-basis:23%\">                            <div id=\"sidenav\">\n                <ul class=\"\">\n                                            <li class=\"\">\n                            <a href=\"https:\/\/www.weland.fi\/fi\/yritys\/laatu-ja-ymparisto\/\" class=\"text-uppercase\">\n                                Laatu ja ymp\u00e4rist\u00f6                            <\/a>\n                        <\/li>\n                                            <li class=\"\">\n                            <a href=\"https:\/\/www.weland.fi\/fi\/yritys\/kestavyys\/\" class=\"text-uppercase\">\n                                Kest\u00e4vyys                            <\/a>\n                        <\/li>\n                                            <li class=\"\">\n                            <a href=\"https:\/\/www.weland.fi\/fi\/yritys\/messut\/\" class=\"text-uppercase\">\n                                Messut                            <\/a>\n                        <\/li>\n                                            <li class=\"\">\n                            <a href=\"https:\/\/www.weland.fi\/fi\/yritys\/tietosuojakaytanto\/\" class=\"text-uppercase\">\n                                Tietosuojak\u00e4yt\u00e4nt\u00f6                            <\/a>\n                        <\/li>\n                                    <\/ul>\n            <\/div>\n                \n\n\n<p><\/p>\n<\/div>\n\n\n\n<div class=\"wp-block-column is-layout-flow wp-block-column-is-layout-flow\" style=\"flex-basis:73%\">\n<p>Weland \u2013 ruotsalainen, innovatiivinen, kest\u00e4v\u00e4. Me kehit\u00e4mme ratkaisuja ja tuotteita, jotka kest\u00e4v\u00e4t \u2013 mieluiten useiden sukupolvien ajan. Meill\u00e4 osaaminen ja vuosien kokemus yhdistyv\u00e4t ammattiylpeyteen, joka n\u00e4kyy kaikessa toiminnassamme. Meille on itsest\u00e4\u00e4n selv\u00e4\u00e4, ett\u00e4 kaikki valmistuksemme tapahtuu Ruotsissa. Uskomme, ett\u00e4 Ruotsissa tapahtuva valmistus on sek\u00e4 hyv\u00e4 ymp\u00e4rist\u00f6valinta ett\u00e4 takuu korkealle laadulle. Perusperiaatteemme on k\u00e4ytt\u00e4\u00e4 resursseja tehokkaasti ja kierr\u00e4tt\u00e4\u00e4 kaikki mahdollisuuksien mukaan p\u00e4ivitt\u00e4isess\u00e4 ty\u00f6ss\u00e4mme. Yhdist\u00e4mme t\u00e4m\u00e4n tulevaisuuteen suuntautuneeseen l\u00e4hestymistapaamme. Investointiasteemme uusiin koneisiin on korkea, mik\u00e4 edist\u00e4\u00e4 tehokasta, innovatiivista ja kest\u00e4v\u00e4\u00e4 tuotantoa pitk\u00e4ll\u00e4 aikav\u00e4lill\u00e4.<\/p>\n\n\n\n<hr class=\"wp-block-separator has-css-opacity is-style-wide\"\/>\n\n\n\n<h1 class=\"wp-block-heading\">Ymp\u00e4rist\u00f6tuoteseloste (EPD)<\/h1>\n\n\n\n<p>Osana kest\u00e4v\u00e4n kehityksen ty\u00f6t\u00e4mme olemme EDP-sertifioineet kuumasinkityt ter\u00e4stuotteemme. Arvioinnin suoritti riippumaton kolmas osapuoli ja sen tuloksena saimme ymp\u00e4rist\u00f6tuoteselosteen (EDP). Siin\u00e4 esitet\u00e4\u00e4n yhteenveto kunkin tuoteryhm\u00e4n kokonaisymp\u00e4rist\u00f6jalanj\u00e4ljest\u00e4, mink\u00e4 avulla rakennusalan on helpompi l\u00f6yt\u00e4\u00e4 vastaavia tuotteita, verrata niit\u00e4 kesken\u00e4\u00e4n ja valita jo suunnitteluvaiheessa ne, joiden ymp\u00e4rist\u00f6vaikutukset ovat pienimm\u00e4t.<\/p>\n\n\n\n<p>Rakennusteollisuudelle ja meille sen tavarantoimittajille on asetettu yh\u00e4 tiukempia kest\u00e4vyysvaatimuksia. Ymp\u00e4rist\u00f6yst\u00e4v\u00e4llisist\u00e4 rakennuksista ja \u00e4lykk\u00e4ist\u00e4 kaupungeista on tulossa todellisuutta, ja rakennusalalle on t\u00e4rke\u00e4\u00e4 pysty\u00e4 osoittamaan rakennuksen ymp\u00e4rist\u00f6vaikutukset sen elinkaaren aikana. Tuotteidemme EPD-sertifiointi luo l\u00e4pin\u00e4kyvyytt\u00e4 ja auttaa asiakkaitamme tekem\u00e4\u00e4n aktiivisesti ilmastotietoisia valintoja.<\/p>\n\n\n\n<p>Sertifikaattimme l\u00f6yd\u00e4t sivun alareunasta.<\/p>\n\n\n\n<p><\/p>\n\n\n\n<h4 class=\"wp-block-heading\">Mik\u00e4 on EPD?<\/h4>\n\n\n\n<p>Rakennustuotteen ymp\u00e4rist\u00f6tuoteseloste kuvaa tuotteen ymp\u00e4rist\u00f6vaikutukset koko sen elinkaaren ajalta. N\u00e4it\u00e4 tietoja k\u00e4ytet\u00e4\u00e4n pohjana rakennusten elinkaariarvioinneissa (LCA). Lyhenne EDP tulee ymp\u00e4rist\u00f6tuoteselosteen englanninkielisest\u00e4 nimest\u00e4 \u2013 environmental product declaration.<\/p>\n\n\n\n<hr class=\"wp-block-separator has-css-opacity is-style-wide\"\/>\n\n\n\n<h2 class=\"wp-block-heading\">Kest\u00e4v\u00e4n kehityksen raportti<\/h2>\n\n\n\n<p>Aiheutamme ymp\u00e4rist\u00f6vaikutuksia, kuten kaikki valmistavat yritykset. Haluamme v\u00e4hent\u00e4\u00e4 n\u00e4it\u00e4 vaikutuksia harkituilla materiaalivalinnoilla, kest\u00e4v\u00e4ll\u00e4 energiank\u00e4yt\u00f6ll\u00e4 ja \u00e4lykk\u00e4\u00e4ll\u00e4 energiantuotannolla.&nbsp;&nbsp;<\/p>\n\n\n\n<p>Welandin kest\u00e4vyysty\u00f6n perustana ovat YK:n 17 kest\u00e4v\u00e4n kehityksen globaalia tavoitetta. Ne antavat meille selv\u00e4n suunnan ja ohjeet, joiden avulla saavutamme kest\u00e4vyystavoitteemme. Kest\u00e4v\u00e4n kehityksen raportti osoittaa, miten yhdist\u00e4mme ty\u00f6mme globaaleihin tavoitteisiin konkreettisesti saavuttaaksemme omat kest\u00e4vyystavoitteemme. Raportista n\u00e4et my\u00f6s p\u00e4\u00e4ttyneiden ja meneill\u00e4\u00e4n olevien kest\u00e4vyysprojektien tilan ja saat niist\u00e4 lis\u00e4tietoa. Jos haluat lukea lis\u00e4\u00e4, l\u00f6yd\u00e4t kest\u00e4v\u00e4n kehityksen raportin kokonaisuudessaan sivun alareunasta.<\/p>\n\n\n\n<p>Meill\u00e4 kannattavuus ja kest\u00e4v\u00e4 kehitys liittyv\u00e4t tiiviisti toisiinsa. N\u00e4emme kest\u00e4v\u00e4n kehityksen yhten\u00e4 monista t\u00e4rkeist\u00e4 investoinneista pitk\u00e4n aikav\u00e4lin kannattavan kasvun edist\u00e4miseksi. Se antaa meille edellytykset jatkaa toimintamme kehitt\u00e4mist\u00e4.<\/p>\n\n\n\n<hr class=\"wp-block-separator has-css-opacity is-style-wide\"\/>\n\n\n\n<h2 class=\"wp-block-heading\">Ymp\u00e4rist\u00f6k\u00e4yt\u00e4nt\u00f6<\/h2>\n\n\n\n<p>Tuotantotoiminta on keskeist\u00e4 Welandissa ja sit\u00e4 tehd\u00e4\u00e4n hyv\u00e4n ymp\u00e4rist\u00f6k\u00e4yt\u00e4nn\u00f6n mukaisesti. Teemme tehokasta ymp\u00e4rist\u00f6ty\u00f6t\u00e4 kehitt\u00e4m\u00e4ll\u00e4 jatkuvasti tuotantoprosessejamme materiaalien ja energian parempaan hy\u00f6dynt\u00e4miseen. Weland pyrkii minimoimaan ymp\u00e4rist\u00f6vaikutukset kest\u00e4v\u00e4n kehityksen saavuttamiseksi. Ymp\u00e4rist\u00f6ty\u00f6 tuo Welandille markkinaetuja ja taloudellista hy\u00f6ty\u00e4 ja asiakkaat n\u00e4kev\u00e4t meid\u00e4t ymp\u00e4rist\u00f6tietoisena vaihtoehtona.<\/p>\n\n\n\n<p><strong>Ymp\u00e4rist\u00f6ty\u00f6n peruspilarit:<\/strong><\/p>\n\n\n\n<ul class=\"wp-block-list\">\n<li>Energian ja luonnonvarojen s\u00e4\u00e4st\u00e4minen.<\/li>\n\n\n\n<li>J\u00e4tteiden v\u00e4hent\u00e4minen, syntypaikkalajittelu ja mahdollisuuksien mukaan kierr\u00e4tys.<\/li>\n\n\n\n<li>Lakien ja asetusten ymp\u00e4rist\u00f6vaatimusten t\u00e4ytt\u00e4minen tai ylitt\u00e4minen sek\u00e4 muiden meit\u00e4 koskevien vaatimusten noudattaminen.<\/li>\n\n\n\n<li>Ymp\u00e4rist\u00f6vahinkojen est\u00e4minen.<\/li>\n\n\n\n<li>Modernin tekniikan k\u00e4ytt\u00e4minen.<\/li>\n<\/ul>\n\n\n\n<hr class=\"wp-block-separator has-css-opacity is-style-wide\"\/>\n\n\n\n<h2 class=\"wp-block-heading\">Laatuk\u00e4yt\u00e4nt\u00f6<\/h2>\n\n\n\n<p>Weland on ainutlaatuinen teollisuusyritys. Korkea investointiaste, halu jatkuvaan parantamiseen ja kehitt\u00e4minen ovat t\u00e4rkeit\u00e4 Welandille.&nbsp;<\/p>\n\n\n\n<p>Vahvuutemme ja kilpailuetumme on tyydytt\u00e4\u00e4 asiakkaat toimittamalla oikeaa laatua oikeaan aikaan ja oikeaan hintaan. T\u00e4m\u00e4 tuottaa meille ja asiakkaalle parhaan kokonaistuloksen.<\/p>\n\n\n\n<p><strong>Laatuty\u00f6n peruspilarit:<\/strong><\/p>\n\n\n\n<ul class=\"wp-block-list\">\n<li>Jokaisen toimituksen tulee olla suositus tulevia kauppoja varten.<\/li>\n\n\n\n<li>Sovituista toimitusajoista on pidett\u00e4v\u00e4 kiinni.<\/li>\n\n\n\n<li>Sis\u00e4iset laatupuutteet on korjattava.<\/li>\n\n\n\n<li>Toimenpiteiden on perustuttava tosiasioihin, kokonaisvaltaiseen n\u00e4kemykseen toiminnasta ja pitk\u00e4n t\u00e4ht\u00e4imen n\u00e4k\u00f6kulmaan.<\/li>\n\n\n\n<li>Meid\u00e4n on t\u00e4ytett\u00e4v\u00e4 meille asetetut vaatimukset.<\/li>\n<\/ul>\n\n\n\n<p>Ty\u00f6skentelemme jatkuvasti laadun parantamiseksi.<\/p>\n\n\n\n<section id=\"documentation\">\n\t<div class=\"jumbotron\">\n\t\t<div class=\"row\">\n\t\t\t<div class=\"col-12\">\n\t\t\t\t<h3>Tuoteoppaat<\/h3>\n\t\t\t\t<hr>\n\t\t\t\t<div id=\"dok-13757\" class=\"row scale\">\n\t\t\t\t\t<div class=\"col-sm-7 doc\"> <i class=\"fal fa-file-alt fa-2x\"><\/i>\n\t\t\t\t\t\t<p>Kest\u00e4vyysraportti<\/p>\n\t\t\t\t\t<\/div>\n\t\t\t\t\t<div class=\"col-sm-5\">\n\t\t\t\t\t\t<div class=\"btn-group btn-block\"> <a target=\"_blank\" href=\"https:\/\/www.weland.fi\/wp-content\/uploads\/2023\/09\/kestavyysraportti.pdf\" class=\"btn-block\" rel=\"noopener\">\n\t\t\t\t\t\t\t<button type=\"button\" class=\"btn-weland-black downloadBtn btn-block\"> Avaa <\/button>\n\t\t\t\t\t\t\t<\/a>\n\t\t\t\t\t\t\t<button type=\"button\" class=\"btn-weland-black downloadBtn dropdown-toggle dropdown-toggle-split\" data-toggle=\"dropdown\" aria-haspopup=\"true\" aria-expanded=\"false\"> <span class=\"sr-only\">Toggle Dropdown<\/span> <\/button>\n\t\t\t\t\t\t\t<div class=\"dropdown-menu\" x-placement=\"bottom-start\"> <a href=\"https:\/\/www.weland.fi\/wp-content\/uploads\/2023\/09\/kestavyysraportti.pdf\" class=\"dropdown-item\" target=\"_blank\" rel=\"noopener\">Avaa &#8211; 4.30 MB (fi-fi)<\/a> <\/div>\n\t\t\t\t\t\t<\/div>\n\t\t\t\t\t<\/div>\n\t\t\t\t<\/div>\n\t\t\t\t<hr>\n\t\t\t\t<div id=\"dok-22483\" class=\"row scale\">\n\t\t\t\t\t<div class=\"col-sm-7 doc\"> <i class=\"fal fa-file-alt fa-2x\"><\/i>\n\t\t\t\t\t\t<p>Environmental product declaration (EPD)<\/p>\n\t\t\t\t\t<\/div>\n\t\t\t\t\t<div class=\"col-sm-5\"> <a href=\"https:\/\/www.flipsnack.com\/industrireklam\/environmental-product-declaration-epd-weland-ab\/full-view.html\" class=\"btn btn-weland-black btn-block downloadBtn\" target=\"_blank\" rel=\"noopener\">Avaa <\/a> <\/div>\n\t\t\t\t<\/div>\n\t\t\t\t<hr>\n\t\t\t\t<div id=\"dok-22482\" class=\"row scale\">\n\t\t\t\t\t<div class=\"col-sm-7 doc\"> <i class=\"fal fa-file-alt fa-2x\"><\/i>\n\t\t\t\t\t\t<p>Environmental product declaration (EPD) weight list<\/p>\n\t\t\t\t\t<\/div>\n\t\t\t\t\t<div class=\"col-sm-5\">\n\t\t\t\t\t\t<div class=\"btn-group btn-block\"> <a target=\"_blank\" href=\"https:\/\/www.weland.fi\/wp-content\/uploads\/2023\/03\/miljoevarudeklaration_epd_viktlista_en-gb.pdf\" class=\"btn-block\" rel=\"noopener\">\n\t\t\t\t\t\t\t<button type=\"button\" class=\"btn-weland-black downloadBtn btn-block\">Avaa<\/button>\n\t\t\t\t\t\t\t<\/a>\n\t\t\t\t\t\t\t<button type=\"button\" class=\"btn-weland-black downloadBtn dropdown-toggle dropdown-toggle-split\" data-toggle=\"dropdown\" aria-haspopup=\"true\" aria-expanded=\"false\"> <span class=\"sr-only\">Toggle Dropdown<\/span> <\/button>\n\t\t\t\t\t\t\t<div class=\"dropdown-menu\" style=\"\"> <a href=\"https:\/\/www.weland.fi\/wp-content\/uploads\/2023\/03\/miljoevarudeklaration_epd_viktlista_en-gb.pdf\" class=\"dropdown-item\" target=\"_blank\" rel=\"noopener\">Avaa (1.84 MB (en-gb)<\/a> <\/div>\n\t\t\t\t\t\t<\/div>\n\t\t\t\t\t<\/div>\n\t\t\t\t<\/div>\n                <hr>\n\t\t\t\t<div id=\"dok-21098\" class=\"row scale\">\n\t\t\t\t\t<div class=\"col-sm-7 doc\"> <i class=\"fal fa-file-alt fa-2x\"><\/i>\n\t\t\t\t\t\t<p>Laatupolitiikka<\/p>\n\t\t\t\t\t<\/div>\n\t\t\t\t\t<div class=\"col-sm-5\">\n\t\t\t\t\t\t<div class=\"btn-group btn-block\"> <a target=\"_blank\" href=\"https:\/\/www.weland.fi\/wp-content\/uploads\/2022\/06\/Kvalitetspolicy-med-signatur_fi-fi_web.pdf\" class=\"btn-block\" rel=\"noopener\">\n\t\t\t\t\t\t\t<button type=\"button\" class=\"btn-weland-black downloadBtn btn-block\">Avaa <\/button>\n\t\t\t\t\t\t\t<\/a>\n\t\t\t\t\t\t\t<button type=\"button\" class=\"btn-weland-black downloadBtn dropdown-toggle dropdown-toggle-split\" data-toggle=\"dropdown\" aria-haspopup=\"true\" aria-expanded=\"false\"> <span class=\"sr-only\">Toggle Dropdown<\/span> <\/button>\n\t\t\t\t\t\t\t<div class=\"dropdown-menu\" x-placement=\"bottom-start\"> <a href=\"https:\/\/www.weland.fi\/wp-content\/uploads\/2022\/06\/Kvalitetspolicy-med-signatur_fi-fi_web.pdf\" class=\"dropdown-item\" target=\"_blank\" rel=\"noopener\">Avaa &#8211; 79.23 KB (fi-fi)<\/a> <\/div>\n\t\t\t\t\t\t<\/div>\n\t\t\t\t\t<\/div>\n\t\t\t\t<\/div>\n\t\t\t\t<hr>\n\t\t\t\t<div id=\"dok-21102\" class=\"row scale\">\n\t\t\t\t\t<div class=\"col-sm-7 doc\"> <i class=\"fal fa-file-alt fa-2x\"><\/i>\n\t\t\t\t\t\t<p>Ymp\u00e4rist\u00f6politiikka<\/p>\n\t\t\t\t\t<\/div>\n\t\t\t\t\t<div class=\"col-sm-5\">\n\t\t\t\t\t\t<div class=\"btn-group btn-block\"> <a target=\"_blank\" href=\"https:\/\/www.weland.fi\/wp-content\/uploads\/2022\/06\/ymparistopolitiikka.pdf\" class=\"btn-block\" rel=\"noopener\">\n\t\t\t\t\t\t\t<button type=\"button\" class=\"btn-weland-black downloadBtn btn-block\">Avaa <\/button>\n\t\t\t\t\t\t\t<\/a>\n\t\t\t\t\t\t\t<button type=\"button\" class=\"btn-weland-black downloadBtn dropdown-toggle dropdown-toggle-split\" data-toggle=\"dropdown\" aria-haspopup=\"true\" aria-expanded=\"false\"> <span class=\"sr-only\">Toggle Dropdown<\/span> <\/button>\n\t\t\t\t\t\t\t<div class=\"dropdown-menu\" x-placement=\"bottom-start\"> <a href=\"https:\/\/www.weland.fi\/wp-content\/uploads\/2022\/06\/ymparistopolitiikka.pdf\" class=\"dropdown-item\" target=\"_blank\" rel=\"noopener\">Avaa &#8211; 81.08 KB (fi-fi)<\/a> <\/div>\n\t\t\t\t\t\t<\/div>\n\t\t\t\t\t<\/div>\n\t\t\t\t<\/div>\n\t\t\t<\/div>\n\t\t<\/div>\n\t<\/div>\n<\/section>\n\n\n    \n\n    \n\n    <\/div>\n<\/div>\n","protected":false},"excerpt":{"rendered":"<p>KEST\u00c4V\u00c4 KEHITYS, LAATU JA YMP\u00c4RIST\u00d6 Laatu, kokemus, osaaminen ja ymp\u00e4rist\u00f6tietoisuus ovat [&hellip;]<\/p>\n","protected":false},"author":7,"featured_media":0,"parent":18057,"menu_order":1,"comment_status":"closed","ping_status":"closed","template":"","meta":{"_acf_changed":false,"footnotes":""},"class_list":["post-18801","page","type-page","status-publish","hentry"],"acf":[],"featured_image_src":null,"_links":{"self":[{"href":"https:\/\/www.weland.fi\/fi\/wp-json\/wp\/v2\/pages\/18801","targetHints":{"allow":["GET"]}}],"collection":[{"href":"https:\/\/www.weland.fi\/fi\/wp-json\/wp\/v2\/pages"}],"about":[{"href":"https:\/\/www.weland.fi\/fi\/wp-json\/wp\/v2\/types\/page"}],"author":[{"embeddable":true,"href":"https:\/\/www.weland.fi\/fi\/wp-json\/wp\/v2\/users\/7"}],"replies":[{"embeddable":true,"href":"https:\/\/www.weland.fi\/fi\/wp-json\/wp\/v2\/comments?post=18801"}],"version-history":[{"count":19,"href":"https:\/\/www.weland.fi\/fi\/wp-json\/wp\/v2\/pages\/18801\/revisions"}],"predecessor-version":[{"id":23192,"href":"https:\/\/www.weland.fi\/fi\/wp-json\/wp\/v2\/pages\/18801\/revisions\/23192"}],"up":[{"embeddable":true,"href":"https:\/\/www.weland.fi\/fi\/wp-json\/wp\/v2\/pages\/18057"}],"wp:attachment":[{"href":"https:\/\/www.weland.fi\/fi\/wp-json\/wp\/v2\/media?parent=18801"}],"curies":[{"name":"wp","href":"https:\/\/api.w.org\/{rel}","templated":true}]}}