{"id":22399,"date":"2023-03-22T13:58:22","date_gmt":"2023-03-22T13:58:22","guid":{"rendered":"https:\/\/www.weland.fi\/?page_id=22399"},"modified":"2023-11-29T07:39:54","modified_gmt":"2023-11-29T07:39:54","slug":"kestavyys","status":"publish","type":"page","link":"https:\/\/www.weland.fi\/fi\/yritys\/kestavyys\/","title":{"rendered":"Kest\u00e4vyys"},"content":{"rendered":"\n<div class=\"wp-block-cover alignfull has-custom-content-position is-position-bottom-left\"><span aria-hidden=\"true\" class=\"wp-block-cover__background has-background-dim-0 has-background-dim\"><\/span><img loading=\"lazy\" decoding=\"async\" width=\"1920\" height=\"800\" class=\"wp-block-cover__image-background wp-image-22411\" alt=\"\" src=\"https:\/\/www.weland.fi\/wp-content\/uploads\/2023\/03\/hallbarhet_welandab_header_aw00013606.jpg\" data-object-fit=\"cover\" srcset=\"https:\/\/www.weland.fi\/wp-content\/uploads\/2023\/03\/hallbarhet_welandab_header_aw00013606.jpg 1920w, https:\/\/www.weland.fi\/wp-content\/uploads\/2023\/03\/hallbarhet_welandab_header_aw00013606-300x125.jpg 300w, https:\/\/www.weland.fi\/wp-content\/uploads\/2023\/03\/hallbarhet_welandab_header_aw00013606-1024x427.jpg 1024w, https:\/\/www.weland.fi\/wp-content\/uploads\/2023\/03\/hallbarhet_welandab_header_aw00013606-150x63.jpg 150w, https:\/\/www.weland.fi\/wp-content\/uploads\/2023\/03\/hallbarhet_welandab_header_aw00013606-768x320.jpg 768w, https:\/\/www.weland.fi\/wp-content\/uploads\/2023\/03\/hallbarhet_welandab_header_aw00013606-1536x640.jpg 1536w, https:\/\/www.weland.fi\/wp-content\/uploads\/2023\/03\/hallbarhet_welandab_header_aw00013606-1568x653.jpg 1568w\" sizes=\"auto, (max-width: 1920px) 100vw, 1920px\" \/><div class=\"wp-block-cover__inner-container is-layout-flow wp-block-cover-is-layout-flow\">\n<div class=\"wp-block-group has-grev-rgba-background-color has-background\"><div class=\"wp-block-group__inner-container is-layout-flow wp-block-group-is-layout-flow\">\n<h2 class=\"wp-block-heading has-black-color has-text-color\">KEST\u00c4VYYS JA WELAND<\/h2>\n\n\n\n<p class=\"has-black-color has-text-color\">Kest\u00e4v\u00e4n kehityksen edist\u00e4minen ei ole Welandille uutta. Olemme aina olleet eturintamassa resurssien hy\u00f6dynt\u00e4misess\u00e4 ja asiakkaiden odotusten t\u00e4ytt\u00e4misess\u00e4. Parannamme jatkuvasti tuotantomme tehokkuutta, jotta luontoon kohdistuu mahdollisimman v\u00e4h\u00e4n vaikutuksia.<\/p>\n<\/div><\/div>\n<\/div><\/div>\n\n\n        <div class=\"container page-breadcrumb\">\n            <div class=\"row\">\n                <div class=\"col-sm-12\" style=\"padding-left: 0\">\n                    <nav aria-label=\"breadcrumb\">\n                        <ol class=\"breadcrumb\">\n                            <li class=\"breadcrumb-item\">\n                                <a href=\"https:\/\/www.weland.fi\/fi\/\">Koti<\/a>\n                            <\/li>\n                              \n                                                            <li class=\"breadcrumb-item AA\">\n                                    <a href=\"https:\/\/www.weland.fi\/fi\/yritys\/\">\n                                        Yritys                                    <\/a>\n                                <\/li>\n                                <li class=\"breadcrumb-item active\" aria-current=\"page\">\n                                    Kest\u00e4vyys                                <\/li>\n                                                    <\/ol>\n                    <\/nav>\n                <\/div>\n            <\/div>\n        <\/div>\n\n        \n\n\n<div class=\"wp-block-group hide-on-desktop\"><div class=\"wp-block-group__inner-container is-layout-flow wp-block-group-is-layout-flow\">\n<h1 class=\"wp-block-heading\">Kest\u00e4vyys ja Weland<\/h1>\n\n\n\n<p>Kest\u00e4v\u00e4n kehityksen edist\u00e4minen ei ole Welandille uutta. Olemme aina olleet eturintamassa resurssien hy\u00f6dynt\u00e4misess\u00e4 ja asiakkaiden odotusten t\u00e4ytt\u00e4misess\u00e4. Parannamme jatkuvasti tuotantomme tehokkuutta, jotta luontoon kohdistuu mahdollisimman v\u00e4h\u00e4n vaikutuksia.<\/p>\n\n\n\n<hr class=\"wp-block-separator has-css-opacity is-style-wide\"\/>\n<\/div><\/div>\n\n\n\n<div class=\"wp-block-columns alignwide is-layout-flex wp-container-core-columns-is-layout-9d6595d7 wp-block-columns-is-layout-flex\">\n<div class=\"wp-block-column is-layout-flow wp-block-column-is-layout-flow\" style=\"flex-basis:23%\">                            <div id=\"sidenav\">\n                <ul class=\"\">\n                                            <li class=\"\">\n                            <a href=\"https:\/\/www.weland.fi\/fi\/yritys\/laatu-ja-ymparisto\/\" class=\"text-uppercase\">\n                                Laatu ja ymp\u00e4rist\u00f6                            <\/a>\n                        <\/li>\n                                            <li class=\"\">\n                            <a href=\"https:\/\/www.weland.fi\/fi\/yritys\/kestavyys\/\" class=\"text-uppercase\">\n                                Kest\u00e4vyys                            <\/a>\n                        <\/li>\n                                            <li class=\"\">\n                            <a href=\"https:\/\/www.weland.fi\/fi\/yritys\/messut\/\" class=\"text-uppercase\">\n                                Messut                            <\/a>\n                        <\/li>\n                                            <li class=\"\">\n                            <a href=\"https:\/\/www.weland.fi\/fi\/yritys\/tietosuojakaytanto\/\" class=\"text-uppercase\">\n                                Tietosuojak\u00e4yt\u00e4nt\u00f6                            <\/a>\n                        <\/li>\n                                    <\/ul>\n            <\/div>\n                <\/div>\n\n\n\n<div class=\"wp-block-column is-layout-flow wp-block-column-is-layout-flow\" style=\"flex-basis:100%\">\n<div class=\"wp-block-columns alignwide is-layout-flex wp-container-core-columns-is-layout-9d6595d7 wp-block-columns-is-layout-flex\">\n<div class=\"wp-block-column is-layout-flow wp-block-column-is-layout-flow\" style=\"flex-basis:100%\">\n<p>Olemme perheyritys, jonka juuret ovat syv\u00e4ll\u00e4 Smoolannissa. Olemme kierreportaiden, suorien portaiden, kaiteiden, py\u00f6r\u00e4tuoliluiskien, kulkusiltojen, ritil\u00f6iden ja v\u00e4litasojen johtava valmistaja ja toimittaja. Aloitimme liiketoiminnan vuonna 1947 ja tuolloin luotu toimintakulttuuri n\u00e4kyy monin tavoin nyky\u00e4\u00e4nkin \u2013 kuten joustavuutena, henkil\u00f6kohtaisena palveluna ja huippuluokan valikoimana. Teemme kovasti t\u00f6it\u00e4 kehitt\u00e4\u00e4ksemme tuotteitamme ja levynty\u00f6st\u00f6\u00e4mme, jotta olemme aina markkinoiden odotusten mukaisia ja mieluiten askeleen edell\u00e4. Kaikki valmistus tapahtuu Sm\u00e5landsstenarissa, jossa meill\u00e4 on yli 100&nbsp;000 m<sup>2<\/sup>:n tuotantolaitos. Periaatteemme on tehokas tuotanto mahdollisimman v\u00e4h\u00e4isill\u00e4 ymp\u00e4rist\u00f6vaikutuksilla. <\/p>\n\n\n\n<hr class=\"wp-block-separator has-css-opacity is-style-wide\"\/>\n\n\n\n<h2 class=\"wp-block-heading\">Kest\u00e4v\u00e4n kehityksen raportti<\/h2>\n\n\n\n<p>Aiheutamme ymp\u00e4rist\u00f6vaikutuksia, kuten kaikki valmistavat yritykset. Haluamme v\u00e4hent\u00e4\u00e4 n\u00e4it\u00e4 vaikutuksia harkituilla materiaalivalinnoilla, kest\u00e4v\u00e4ll\u00e4 energiank\u00e4yt\u00f6ll\u00e4 ja \u00e4lykk\u00e4\u00e4ll\u00e4 energiantuotannolla.&nbsp;<\/p>\n\n\n\n<p>Welandin kest\u00e4vyysty\u00f6n perustana ovat YK:n 17 kest\u00e4v\u00e4n kehityksen globaalia tavoitetta. Ne antavat meille selv\u00e4n suunnan ja ohjeet, joiden avulla saavutamme kest\u00e4vyystavoitteemme. Kest\u00e4v\u00e4n kehityksen raportti osoittaa, miten yhdist\u00e4mme ty\u00f6mme globaaleihin tavoitteisiin konkreettisesti saavuttaaksemme omat kest\u00e4vyystavoitteemme. Raportista n\u00e4et my\u00f6s p\u00e4\u00e4ttyneiden ja meneill\u00e4\u00e4n olevien kest\u00e4vyysprojektien tilan ja saat niist\u00e4 lis\u00e4tietoa. Jos haluat lukea lis\u00e4\u00e4, l\u00f6yd\u00e4t kest\u00e4v\u00e4n kehityksen raportin kokonaisuudessaan sivun alareunasta. <\/p>\n\n\n\n<p>Meill\u00e4 kannattavuus ja kest\u00e4v\u00e4 kehitys liittyv\u00e4t tiiviisti toisiinsa. N\u00e4emme kest\u00e4v\u00e4n kehityksen yhten\u00e4 monista t\u00e4rkeist\u00e4 investoinneista pitk\u00e4n aikav\u00e4lin kannattavan kasvun edist\u00e4miseksi. Se antaa meille edellytykset jatkaa toimintamme kehitt\u00e4mist\u00e4.<\/p>\n\n\n\n<div style=\"height:12px\" aria-hidden=\"true\" class=\"wp-block-spacer\"><\/div>\n\n\n\n<div class=\"wp-block-buttons is-layout-flex wp-block-buttons-is-layout-flex\">\n<div class=\"wp-block-button\"><a class=\"wp-block-button__link has-white-color has-main-blue-background-color has-text-color has-background wp-element-button\" href=\"https:\/\/www.weland.fi\/wp-content\/uploads\/2023\/09\/kestavyysraportti.pdf\" style=\"border-radius:0px\" target=\"_blank\" rel=\"noreferrer noopener\">LUE KEST\u00c4V\u00c4N KEHITYKSEN RAPORTTIMME<\/a><\/div>\n<\/div>\n\n\n\n<p><\/p>\n<\/div>\n<\/div>\n\n\n\n<div style=\"height:20px\" aria-hidden=\"true\" class=\"wp-block-spacer\"><\/div>\n<\/div>\n<\/div>\n\n\n\n<div class=\"wp-block-media-text alignwide is-stacked-on-mobile has-background\" style=\"background-color:#28282a;grid-template-columns:28% auto\"><figure class=\"wp-block-media-text__media\"><img loading=\"lazy\" decoding=\"async\" width=\"411\" height=\"506\" src=\"https:\/\/www.weland.fi\/wp-content\/uploads\/2023\/03\/jonas_hallbarhet_welandab.jpg\" alt=\"\" class=\"wp-image-22413 size-full\" srcset=\"https:\/\/www.weland.fi\/wp-content\/uploads\/2023\/03\/jonas_hallbarhet_welandab.jpg 411w, https:\/\/www.weland.fi\/wp-content\/uploads\/2023\/03\/jonas_hallbarhet_welandab-244x300.jpg 244w, https:\/\/www.weland.fi\/wp-content\/uploads\/2023\/03\/jonas_hallbarhet_welandab-122x150.jpg 122w\" sizes=\"auto, (max-width: 411px) 100vw, 411px\" \/><\/figure><div class=\"wp-block-media-text__content\">\n<h2 class=\"wp-block-heading has-white-color has-text-color\">&#8221;Ainoa vaihtoehtomme&#8221;<\/h2>\n\n\n\n<p class=\"has-white-color has-text-color\">Kest\u00e4v\u00e4 kehitys ei ole valinta, jonka voimme tehd\u00e4 tai j\u00e4tt\u00e4\u00e4 tekem\u00e4tt\u00e4, vaan se on ainoa vaihtoehto meille. Se merkitsee suurta vastuuta, jonka me kaikki jaamme, ja matkan varrella on sek\u00e4 mahdollisuuksia ett\u00e4 haasteita. Kun katson taaksep\u00e4in vuosien varrella tekem\u00e4\u00e4mme kest\u00e4v\u00e4n kehityksen ty\u00f6t\u00e4, huomaan, ett\u00e4 olemme saavuttaneet paljon, ja siit\u00e4 olen ylpe\u00e4. Samaan aikaan en ole kovin tyytyv\u00e4inen, koska haluan niin paljon enemm\u00e4n. Sen vuoksi on huojentavaa tiet\u00e4\u00e4, ett\u00e4 ty\u00f6ntekij\u00e4mme n\u00e4kev\u00e4t aina mahdollisuudet ennen haasteita \u2013 eik\u00e4 v\u00e4hiten silloin, kun on kyse kest\u00e4vien ratkaisujen l\u00f6yt\u00e4misest\u00e4. <\/p>\n\n\n\n<p class=\"has-white-color has-text-color\"><em>Jonas Welandson<br>Konsernin toimitusjohtaja<\/em><\/p>\n<\/div><\/div>\n\n\n\n<div style=\"height:24px\" aria-hidden=\"true\" class=\"wp-block-spacer\"><\/div>\n\n\n\n<div class=\"wp-block-columns alignwide has-background is-layout-flex wp-container-core-columns-is-layout-9d6595d7 wp-block-columns-is-layout-flex\" style=\"background-color:#f5f5f6\">\n<div class=\"wp-block-column is-layout-flow wp-block-column-is-layout-flow\" style=\"flex-basis:100%\">\n<div style=\"height:8px\" aria-hidden=\"true\" class=\"wp-block-spacer\"><\/div>\n\n\n\n<h2 class=\"wp-block-heading has-text-align-center paddings has-large-font-size\">3 askelta kest\u00e4vyyteen<\/h2>\n\n\n\n<div class=\"wp-block-columns is-layout-flex wp-container-core-columns-is-layout-9d6595d7 wp-block-columns-is-layout-flex\">\n<div class=\"wp-block-column paddings is-layout-flow wp-block-column-is-layout-flow\">\n<h4 class=\"wp-block-heading\">Ruotsalaisuus<\/h4>\n\n\n\n<p>Kaikki kehitysty\u00f6 ja valmistus tapahtuu Ruotsissa. Kaikki tuotteemme kest\u00e4v\u00e4t monen sukupolven ajan, jolloin materiaali ja energia voidaan jakaa tuotteen koko elinkaarelle ja kokonaisjalanj\u00e4lki pienenee joka vuosi, kun tuotetta k\u00e4ytet\u00e4\u00e4n. On itsest\u00e4\u00e4n selv\u00e4\u00e4, ett\u00e4 tuotteemme eiv\u00e4t sis\u00e4ll\u00e4 ymp\u00e4rist\u00f6lle vaarallisia aineita, jotka voivat olla vahingollisia ihmisille, el\u00e4imille ja luonnolle.<\/p>\n<\/div>\n\n\n\n<div class=\"wp-block-column paddings is-layout-flow wp-block-column-is-layout-flow\">\n<h4 class=\"wp-block-heading\">Innovatiivisuus<\/h4>\n\n\n\n<p>Tied\u00e4mme, ett\u00e4 materiaalit aiheuttavat suuren osan tuotteen ymp\u00e4rist\u00f6vaikutuksista, ja ett\u00e4 jokainen pieni muutos materiaalien valintaan tai valmistuksessa k\u00e4ytett\u00e4vien materiaalien m\u00e4\u00e4r\u00e4n v\u00e4hent\u00e4minen voi saada aikaan suuren muutoksen. Tehokkaan tuotannon ja uusien innovatiivisten tekniikoiden avulla varmistamme, ett\u00e4 ymp\u00e4rist\u00f6vaikutuksemme on mahdollisimman pieni.<\/p>\n<\/div>\n\n\n\n<div class=\"wp-block-column paddings is-layout-flow wp-block-column-is-layout-flow\">\n<h4 class=\"wp-block-heading\">Kest\u00e4vyys<\/h4>\n\n\n\n<p>Kehit\u00e4mme kest\u00e4vi\u00e4 ratkaisuja ja pitk\u00e4n k\u00e4ytt\u00f6i\u00e4n tuotteita. Seuraamme uusien tekniikoiden kehitt\u00e4mist\u00e4 ja materiaali-innovaatioita ja yhdist\u00e4mme oman osaamisemme sellaisten tarkoin valittujen yhteisty\u00f6kumppaneiden osaamiseen, joilla on samat kest\u00e4vyystavoitteet kuin meill\u00e4.<\/p>\n<\/div>\n<\/div>\n\n\n\n<div style=\"height:40px\" aria-hidden=\"true\" class=\"wp-block-spacer\"><\/div>\n<\/div>\n<\/div>\n\n\n\n<div class=\"wp-block-columns alignwide has-white-background-color has-background is-layout-flex wp-container-core-columns-is-layout-9d6595d7 wp-block-columns-is-layout-flex\">\n<div class=\"wp-block-column is-layout-flow wp-block-column-is-layout-flow\" style=\"flex-basis:100%\">\n<h2 class=\"wp-block-heading has-text-align-center paddings has-large-font-size\">Kest\u00e4v\u00e4n kehityksen tavoitteemme<\/h2>\n\n\n\n<div class=\"wp-block-columns is-layout-flex wp-container-core-columns-is-layout-9d6595d7 wp-block-columns-is-layout-flex\">\n<div class=\"wp-block-column is-layout-flow wp-block-column-is-layout-flow\">\n<p class=\"has-text-align-center\" style=\"font-size:15px\">YK:n 17 kest\u00e4v\u00e4n kehityksen tavoitetta ovat mittareitamme matkalla kohti sosiaalista, taloudellista ja ekologista kest\u00e4vyytt\u00e4. Olemme p\u00e4\u00e4tt\u00e4neet keskitty\u00e4 niihin tavoitteisiin, joihin meill\u00e4 on suurin mahdollisuus vaikuttaa, ja olemme jo aloittaneet ty\u00f6mme.<\/p>\n\n\n<div class='white' style='background:rgba(0,0,0,0); border:solid 0px rgba(0,0,0,0); border-radius:0px; padding:0px 0px 0px 0px;'>\n<div id='slider_22409' class='owl-carousel sa_owl_theme owl-pagination-true autohide-arrows' data-slider-id='slider_22409' style='visibility:hidden;'>\n<div id='slider_22409_slide01' class='sa_hover_container' style='padding:5% 5%; margin:0px 0%; background-color:rgb(245, 245, 246); min-height:250px; '><!-- wp:columns -->\r\n<div class=\"wp-block-columns\"><!-- wp:column {\"width\":\"200px\"} -->\r\n<div class=\"wp-block-column\" style=\"flex-basis: 200px\"><img loading=\"lazy\" decoding=\"async\" class=\"size-medium wp-image-22401 alignleft\" src=\"https:\/\/www.weland.fi\/wp-content\/uploads\/2023\/03\/globala-malen-3-en-300x300.png\" alt=\"\" width=\"250\" height=\"250\" srcset=\"https:\/\/www.weland.fi\/wp-content\/uploads\/2023\/03\/globala-malen-3-en-300x300.png 300w, https:\/\/www.weland.fi\/wp-content\/uploads\/2023\/03\/globala-malen-3-en-150x150.png 150w, https:\/\/www.weland.fi\/wp-content\/uploads\/2023\/03\/globala-malen-3-en.png 344w\" sizes=\"auto, (max-width: 250px) 100vw, 250px\" \/><br \/><!-- \/wp:column --><\/div>\r\n<!-- \/wp:columns -->\r\n<div class=\"wp-block-column\"><!-- wp:column -->\r\n<div class=\"wp-block-column\"><!-- wp:column {\"width\":\"500px\"} -->\r\n\r\n<!-- wp:heading {\"level\":4} -->\r\n<h3>Terveys ja hyvinvointi<\/h3>\r\n<p><strong>MITEN TY\u00d6SKENTELEMME<\/strong><\/p>\r\n<p>\u00bb Varmat ja turvalliset ty\u00f6paikat<br \/>\u00bb Hyvinvointiohjelmia kaikille ty\u00f6ntekij\u00f6ille<br \/>\u00bb Toivotamme uusia- ja ulkomaantaustaisia ty\u00f6ntekij\u00f6it\u00e4 tervetulleiksi meille t\u00f6ihins<\/p>\r\n<\/div>\r\n<!-- \/wp:heading --><\/div>\r\n<!-- \/wp:column --><!-- \/wp:column --><\/div>\r\n<!-- \/wp:columns --><\/div>\n<div id='slider_22409_slide02' class='sa_hover_container' style='padding:5% 5%; margin:0px 0%; background-color:rgb(245, 245, 246); min-height:250px; '><!-- wp:columns -->\r\n<div class=\"wp-block-columns\"><!-- wp:column {\"width\":\"200px\"} -->\r\n<div class=\"wp-block-column\" style=\"flex-basis: 200px\"><img loading=\"lazy\" decoding=\"async\" class=\"size-medium wp-image-22403 alignleft\" src=\"https:\/\/www.weland.fi\/wp-content\/uploads\/2023\/03\/globala-malen-7-en-300x300.png\" alt=\"\" width=\"250\" height=\"250\" srcset=\"https:\/\/www.weland.fi\/wp-content\/uploads\/2023\/03\/globala-malen-7-en-300x300.png 300w, https:\/\/www.weland.fi\/wp-content\/uploads\/2023\/03\/globala-malen-7-en-150x150.png 150w, https:\/\/www.weland.fi\/wp-content\/uploads\/2023\/03\/globala-malen-7-en.png 343w\" sizes=\"auto, (max-width: 250px) 100vw, 250px\" \/><br \/><!-- \/wp:column --><\/div>\r\n<!-- \/wp:columns -->\r\n\r\n<!-- wp:column -->\r\n<div class=\"wp-block-column\"><!-- wp:heading {\"level\":4} -->\r\n<h3>Kest\u00e4v\u00e4\u00e4 energiaa kaikille<\/h3>\r\n<p><strong>MITEN TY\u00d6SKENTELEMME<\/strong><\/p>\r\n<p>\u00bb Energiatehokas tuotanto<br \/>\u00bb Fossiilivapaata energiaa oman aurinkos\u00e4hk\u00f6ntuotannon ja maal\u00e4mp\u00f6energian avulla<\/p>\r\n<\/div>\r\n<!-- \/wp:heading --><\/div>\r\n<!-- \/wp:column --><!-- \/wp:columns --><\/div>\n<div id='slider_22409_slide03' class='sa_hover_container' style='padding:5% 5%; margin:0px 0%; background-color:rgb(245, 245, 246); min-height:250px; '><!-- wp:columns -->\r\n<div class=\"wp-block-columns\"><!-- wp:column {\"width\":\"200px\"} -->\r\n<div class=\"wp-block-column\" style=\"flex-basis: 200px\"><!-- wp:heading {\"level\":4} --> <img loading=\"lazy\" decoding=\"async\" class=\"size-medium wp-image-22405 alignleft\" src=\"https:\/\/www.weland.fi\/wp-content\/uploads\/2023\/03\/globala-malen-9-en-300x300.png\" alt=\"\" width=\"250\" height=\"250\" srcset=\"https:\/\/www.weland.fi\/wp-content\/uploads\/2023\/03\/globala-malen-9-en-300x300.png 300w, https:\/\/www.weland.fi\/wp-content\/uploads\/2023\/03\/globala-malen-9-en-150x150.png 150w, https:\/\/www.weland.fi\/wp-content\/uploads\/2023\/03\/globala-malen-9-en.png 344w\" sizes=\"auto, (max-width: 250px) 100vw, 250px\" \/> <!-- \/wp:heading --><\/div>\r\n<!-- \/wp:column -->\r\n\r\n<!-- wp:column -->\r\n<div class=\"wp-block-column\"><!-- wp:heading {\"level\":4} -->\r\n<h3>Kest\u00e4v\u00e4 teollisuus, innovaatiot ja infrastruktuuri<\/h3>\r\n<p><strong>MITEN TY\u00d6SKENTELEMME<\/strong><\/p>\r\n<p>\u00bb Energiatehokas tuotanto<br \/>\u00bb Materiaalien kierto ja kierr\u00e4tys<br \/>\u00bb Autokantaan s\u00e4hk\u00f6autoja<br \/>\u00bb Lataustolpat ty\u00f6paikoilla<\/p>\r\n<\/div>\r\n<!-- \/wp:heading --><\/div>\r\n<!-- \/wp:column --><!-- \/wp:columns --><\/div>\n<div id='slider_22409_slide04' class='sa_hover_container' style='padding:5% 5%; margin:0px 0%; background-color:rgb(245, 245, 246); min-height:250px; '><!-- wp:columns -->\r\n<div class=\"wp-block-columns\"><!-- wp:column {\"width\":\"200px\"} -->\r\n<div class=\"wp-block-column\" style=\"flex-basis: 200px\"><!-- wp:heading {\"level\":4} --> <img loading=\"lazy\" decoding=\"async\" class=\"size-medium wp-image-22407 alignleft\" src=\"https:\/\/www.weland.fi\/wp-content\/uploads\/2023\/03\/globala-malen-12-en-300x300.png\" alt=\"\" width=\"250\" height=\"250\" srcset=\"https:\/\/www.weland.fi\/wp-content\/uploads\/2023\/03\/globala-malen-12-en-300x300.png 300w, https:\/\/www.weland.fi\/wp-content\/uploads\/2023\/03\/globala-malen-12-en-150x150.png 150w, https:\/\/www.weland.fi\/wp-content\/uploads\/2023\/03\/globala-malen-12-en.png 344w\" sizes=\"auto, (max-width: 250px) 100vw, 250px\" \/> <!-- \/wp:heading --><\/div>\r\n<!-- \/wp:column -->\r\n\r\n<!-- wp:column -->\r\n<div class=\"wp-block-column\"><!-- wp:heading {\"level\":4} -->\r\n<h3>Kest\u00e4v\u00e4 kulutus ja tuotanto<\/h3>\r\n<p><strong>MITEN TY\u00d6SKENTELEMME<\/strong><\/p>\r\n<p>\u00bb Energiatehokas tuotanto<br \/>\u00bb Materiaalien kierto ja kierr\u00e4tys<\/p>\r\n<\/div>\r\n<!-- \/wp:heading --><\/div>\r\n<!-- \/wp:column --><!-- \/wp:columns --><\/div>\n<\/div>\n<\/div>\n<script type='text\/javascript'>\n\tjQuery(document).ready(function() {\n\t\tjQuery('#slider_22409').owlCarousel({\n\t\t\titems : 1,\n\t\t\tsmartSpeed : 600,\n\t\t\tautoplay : true,\n\t\t\tautoplayTimeout : 12000,\n\t\t\tautoplayHoverPause : false,\n\t\t\tsmartSpeed : 600,\n\t\t\tfluidSpeed : 600,\n\t\t\tautoplaySpeed : 600,\n\t\t\tnavSpeed : 600,\n\t\t\tdotsSpeed : 600,\n\t\t\tloop : true,\n\t\t\tnav : false,\n\t\t\tnavText : ['Previous','Next'],\n\t\t\tdots : true,\n\t\t\tresponsiveRefreshRate : 200,\n\t\t\tslideBy : 1,\n\t\t\tmergeFit : true,\n\t\t\tautoHeight : false,\n\t\t\tmouseDrag : false,\n\t\t\ttouchDrag : true\n\t\t});\n\t\tjQuery('#slider_22409').css('visibility', 'visible');\n\t\tvar owl_goto = jQuery('#slider_22409');\n\t\tjQuery('.slider_22409_goto1').click(function(event){\n\t\t\towl_goto.trigger('to.owl.carousel', 0);\n\t\t});\n\t\tjQuery('.slider_22409_goto2').click(function(event){\n\t\t\towl_goto.trigger('to.owl.carousel', 1);\n\t\t});\n\t\tjQuery('.slider_22409_goto3').click(function(event){\n\t\t\towl_goto.trigger('to.owl.carousel', 2);\n\t\t});\n\t\tjQuery('.slider_22409_goto4').click(function(event){\n\t\t\towl_goto.trigger('to.owl.carousel', 3);\n\t\t});\n\t\tvar resize_22409 = jQuery('.owl-carousel');\n\t\tresize_22409.on('initialized.owl.carousel', function(e) {\n\t\t\tif (typeof(Event) === 'function') {\n\t\t\t\twindow.dispatchEvent(new Event('resize'));\n\t\t\t} else {\n\t\t\t\tvar evt = window.document.createEvent('UIEvents');\n\t\t\t\tevt.initUIEvent('resize', true, false, window, 0);\n\t\t\t\twindow.dispatchEvent(evt);\n\t\t\t}\n\t\t});\n\t});\n<\/script>\n\n<\/div>\n<\/div>\n<\/div>\n<\/div>\n\n\n\n<div style=\"height:0px\" aria-hidden=\"true\" class=\"wp-block-spacer\"><\/div>\n\n\n\n<div class=\"wp-block-columns alignwide has-white-background-color has-background is-layout-flex wp-container-core-columns-is-layout-9d6595d7 wp-block-columns-is-layout-flex\">\n<div class=\"wp-block-column paddings is-layout-flow wp-block-column-is-layout-flow\" style=\"flex-basis:100%\">\n<div class=\"wp-block-columns is-layout-flex wp-container-core-columns-is-layout-9d6595d7 wp-block-columns-is-layout-flex\">\n<div class=\"wp-block-column is-layout-flow wp-block-column-is-layout-flow\" style=\"flex-basis:37%\"><div class=\"wp-block-image\">\n<figure class=\"alignleft size-full\"><img loading=\"lazy\" decoding=\"async\" width=\"466\" height=\"282\" src=\"https:\/\/www.weland.fi\/wp-content\/uploads\/2023\/03\/medarbetare_hallbarhet_welandab.jpg\" alt=\"\" class=\"wp-image-22415\" srcset=\"https:\/\/www.weland.fi\/wp-content\/uploads\/2023\/03\/medarbetare_hallbarhet_welandab.jpg 466w, https:\/\/www.weland.fi\/wp-content\/uploads\/2023\/03\/medarbetare_hallbarhet_welandab-300x182.jpg 300w, https:\/\/www.weland.fi\/wp-content\/uploads\/2023\/03\/medarbetare_hallbarhet_welandab-150x91.jpg 150w\" sizes=\"auto, (max-width: 466px) 100vw, 466px\" \/><\/figure>\n<\/div><\/div>\n\n\n\n<div class=\"wp-block-column is-layout-flow wp-block-column-is-layout-flow\" style=\"flex-basis:0px\"><\/div>\n\n\n\n<div class=\"wp-block-column is-layout-flow wp-block-column-is-layout-flow\" style=\"flex-basis:60%\">\n<h2 class=\"wp-block-heading\">Ty\u00f6ntekij\u00e4mme<\/h2>\n\n\n\n<p>Welandin pit\u00e4\u00e4 olla ty\u00f6paikka, jossa kaikki viihtyv\u00e4t. Ty\u00f6ntekij\u00e4t ovat t\u00e4rkein voimavaramme, ja monet heist\u00e4 ovat ty\u00f6skennelleet meill\u00e4 jo vuosikymmeni\u00e4. Siit\u00e4 olemme ylpeit\u00e4. Yhdess\u00e4 luomamme kulttuuri on perusta liiketoiminnalle monella eri tavalla. Osittain kyse on kertyneest\u00e4 tiedosta ja kokemuksesta, jotka meill\u00e4 pitk\u00e4\u00e4n ty\u00f6skennelleill\u00e4 ty\u00f6ntekij\u00f6ill\u00e4 on. T\u00e4m\u00e4 auttaa luomaan pitk\u00e4t ja menestykselliset suhteet sek\u00e4 asiakkaisiin ett\u00e4 toimittajiin. Toimintakulttuurimme tarkoittaa kuitenkin my\u00f6s sit\u00e4, ett\u00e4 uusista ty\u00f6ntekij\u00f6ist\u00e4 tulee nopeasti ja luontevasti osa tiimi\u00e4 \u2013 me kehitymme uusien taitojen kautta ja toivotamme tervetulleiksi uudet ty\u00f6ntekij\u00e4t, jotka haluavat olla osa matkaamme.<\/p>\n\n\n\n<div style=\"height:12px\" aria-hidden=\"true\" class=\"wp-block-spacer\"><\/div>\n\n\n\n<div class=\"wp-block-buttons is-layout-flex wp-block-buttons-is-layout-flex\">\n<div class=\"wp-block-button\"><a class=\"wp-block-button__link has-white-color has-main-blue-background-color has-text-color has-background wp-element-button\" href=\"https:\/\/www.weland.fi\/fi\/tyopaikat\/\" style=\"border-radius:0px\">TULE OSAKSI WELANDIA<\/a><\/div>\n<\/div>\n\n\n\n<div style=\"height:20px\" aria-hidden=\"true\" class=\"wp-block-spacer\"><\/div>\n<\/div>\n<\/div>\n\n\n\n<div style=\"height:40px\" aria-hidden=\"true\" class=\"wp-block-spacer\"><\/div>\n<\/div>\n<\/div>\n\n\n\n<p><\/p>\n","protected":false},"excerpt":{"rendered":"<p>Kest\u00e4vyys ja Weland Kest\u00e4v\u00e4n kehityksen edist\u00e4minen ei ole Welandille uutta. Olemme [&hellip;]<\/p>\n","protected":false},"author":8,"featured_media":0,"parent":18057,"menu_order":2,"comment_status":"closed","ping_status":"closed","template":"","meta":{"_acf_changed":false,"footnotes":""},"class_list":["post-22399","page","type-page","status-publish","hentry"],"acf":[],"featured_image_src":null,"_links":{"self":[{"href":"https:\/\/www.weland.fi\/fi\/wp-json\/wp\/v2\/pages\/22399","targetHints":{"allow":["GET"]}}],"collection":[{"href":"https:\/\/www.weland.fi\/fi\/wp-json\/wp\/v2\/pages"}],"about":[{"href":"https:\/\/www.weland.fi\/fi\/wp-json\/wp\/v2\/types\/page"}],"author":[{"embeddable":true,"href":"https:\/\/www.weland.fi\/fi\/wp-json\/wp\/v2\/users\/8"}],"replies":[{"embeddable":true,"href":"https:\/\/www.weland.fi\/fi\/wp-json\/wp\/v2\/comments?post=22399"}],"version-history":[{"count":6,"href":"https:\/\/www.weland.fi\/fi\/wp-json\/wp\/v2\/pages\/22399\/revisions"}],"predecessor-version":[{"id":23193,"href":"https:\/\/www.weland.fi\/fi\/wp-json\/wp\/v2\/pages\/22399\/revisions\/23193"}],"up":[{"embeddable":true,"href":"https:\/\/www.weland.fi\/fi\/wp-json\/wp\/v2\/pages\/18057"}],"wp:attachment":[{"href":"https:\/\/www.weland.fi\/fi\/wp-json\/wp\/v2\/media?parent=22399"}],"curies":[{"name":"wp","href":"https:\/\/api.w.org\/{rel}","templated":true}]}}